{"id":16,"date":"2024-09-29T18:00:03","date_gmt":"2024-09-29T16:00:03","guid":{"rendered":"https:\/\/stretvyvolavacu.200.solutions\/?page_id=16"},"modified":"2025-03-05T00:59:12","modified_gmt":"2025-03-04T23:59:12","slug":"homepage","status":"publish","type":"page","link":"https:\/\/stretvyvolavacu.200.solutions\/","title":{"rendered":"Homepage"},"content":{"rendered":"<section class=\"bde-section-16-460 bde-section\">\n              \n  \n\t\n\n  <div class=\"section-background-overlay\"><\/div>\n\n\n<div class=\"section-container\"><div class=\"bde-div-16-461 bde-div\">\n  \n\t\n\n\n\n<div class=\"bde-div-16-462 bde-div\">\n              \n  \n\t\n\n\n\n<div class=\"bde-text-16-463 bde-text\">\nSt\u0159et vyvol\u00e1va\u010d\u016f 2\n<\/div>\n<\/div><h1 class=\"bde-heading-16-464 bde-heading\">\nSt\u0159etn\u011bte se s na\u0161imi<br>vyvol\u00e1va\u010di!\n<\/h1><div class=\"bde-text-16-465 bde-text\">\nSt\u0159et vyvol\u00e1va\u010d\u016f se vrac\u00ed! Tak na co je\u0161t\u011b \u010dek\u00e1\u0161? Se\u017ee\u0148 si t\u00fdm a zaregistruj se!\n<\/div><div class=\"bde-div-16-466 bde-div\">\n  \n\t\n\n\n\n<div class=\"bde-button-16-467 bde-button\">\n    \n                                    \n    \n    \n    \n    \n            \n                    \n            \n            \n\n    \n    \n    \n    \n    <a class=\"breakdance-link button-atom button-atom--custom bde-button__button\" href=\"https:\/\/www.challengermode.com\/s\/stretvyvolavacu\" target=\"_self\" data-type=\"url\"  >\n\n    \n        <span class=\"button-atom__text\">Registrovat se<\/span>\n\n        \n        \n                <\/a>\n\n    \n\n\n<\/div><div class=\"bde-button-16-468 bde-button\">\n    \n                                    \n    \n    \n    \n    \n            \n                    \n            \n            \n\n    \n    \n    \n    \n    <a class=\"breakdance-link button-atom button-atom--custom bde-button__button\" href=\"\/stream\/\" target=\"_self\" data-type=\"url\"  >\n\n    \n        <span class=\"button-atom__text\">Sledovat stream<\/span>\n\n                            \n        \n                <\/a>\n\n    \n\n\n<\/div>\n<\/div>\n<\/div><div class=\"bde-div-16-469 bde-div\">\n              \n  \n\t\n\n\n\n<div class=\"bde-div-16-470 bde-div\">\n  \n\t\n\n\n\n<div class=\"bde-div-16-471 bde-div\">\n  \n\t\n\n\n\n<div class=\"bde-div-16-472 bde-div\">\n  \n\t\n\n\n\n<h3 class=\"bde-heading-16-473 bde-heading\">\nZa\u010d\u00edn\u00e1me ji\u017e\n<\/h3><h3 class=\"bde-heading-16-474 bde-heading\">\n22.11.2024\n<\/h3>\n<\/div><div class=\"bde-text-16-475 bde-text\">\nP\u0159ipojte se k n\u00e1m na t\u00e9to \u00fa\u017easn\u00e9 pouti po vyvol\u00e1va\u010dov\u011b \u017elebu! V\u0161echny dostupn\u00e9 informace m\u016f\u017ee\u0161 naj\u00edt na na\u0161em Discordu!\n<\/div><div class=\"bde-button-16-476 bde-button\">\n    \n                                    \n    \n    \n    \n    \n            \n                    \n            \n            \n\n    \n    \n    \n    \n    <a class=\"breakdance-link button-atom button-atom--custom bde-button__button\" href=\"https:\/\/discord.com\/invite\/94pM8sS5cu\" target=\"_self\" data-type=\"url\"  >\n\n    \n        <span class=\"button-atom__text\">Discord<\/span>\n\n                            \n        \n                <\/a>\n\n    \n\n\n<\/div>\n<\/div>\n<\/div><div class=\"bde-image-16-477 bde-image\">\n  \n\n\n\n\n\n<figure class=\"breakdance-image breakdance-image--30\">\n\t<div class=\"breakdance-image-container\">\n\t\t<div class=\"breakdance-image-clip\">\n\t\t\t\n\t\t\t\t\n\t\t\t\t\t      \n  \n  \n  \n  \n      \n      <img loading=\"lazy\" decoding=\"async\"\n      class=\"breakdance-image-object\"\n      src=\"http:\/\/www.stretvyvolavacu.cz\/wp-content\/uploads\/2024\/09\/IMG-1.png\"\n      width=\"851\"\n      height=\"616\"\n      \n      \n                                    srcset=\"http:\/\/www.stretvyvolavacu.cz\/wp-content\/uploads\/2024\/09\/IMG-1.png 851w, http:\/\/www.stretvyvolavacu.cz\/wp-content\/uploads\/2024\/09\/IMG-1-300x217.png 300w, http:\/\/www.stretvyvolavacu.cz\/wp-content\/uploads\/2024\/09\/IMG-1-768x556.png 768w\"\n                                                                      >\n  \n\n\t\t\t\t\t\n\t\t\t\t\t\t<\/div>\n\t<\/div>\n\n\t<\/figure>\n\n<\/div>\n<\/div><\/div>\n<\/section><section class=\"bde-section-16-478 bde-section\">\n  \n\t\n\n\n\n<div class=\"section-container\"><div class=\"bde-div-16-479 bde-div\">\n  \n\t\n\n\n\n<div class=\"bde-div-16-480 bde-div\">\n              \n  \n\t\n\n  <div class=\"section-background-overlay\"><\/div>\n\n\n<div class=\"bde-text-16-481 bde-text\">\nCeny\n<\/div>\n<\/div><h2 class=\"bde-heading-16-482 bde-heading\">\nO co v\u0161e hrajeme? O\u00a0<span>15 000 K\u010d!<\/span>\n<\/h2><div class=\"bde-text-16-483 bde-text\">\nI tento rok jsme si pro v\u00e1s p\u0159ipravili neuv\u011b\u0159iteln\u00e9 ceny! Tak na co je\u0161t\u011b \u010dek\u00e1\u0161? Se\u017ee\u0148 si t\u00fdm a zaregistrujte se! P\u0159ece tady ty ceny nenech\u00e1te ostatn\u00edm!\n<\/div>\n<\/div><div class=\"bde-div-16-484 bde-div\">\n  \n\t\n\n\n\n\n<\/div><\/div>\n<\/section><section class=\"bde-section-16-485 bde-section\">\n  \n\t\n\n\n\n<div class=\"section-container\"><div class=\"bde-post-loop-16-486 bde-post-loop\">\n<div class=\"ee-posts ee-posts-grid\">    <article class=\"ee-post\">\n        <a class=\"bde-container-link-95-120-174 bde-container-link bde-container-link-95-120 breakdance-link\" href=\"https:\/\/stretvyvolavacu.200.solutions\/?p=174\" target=\"_self\" data-type=\"url\">\n  \n\t\n\n\n\n<div class=\"bde-div-95-121-174 bde-div bde-div-95-121\">\n  \n\t\n\n\n\n<div class=\"bde-div-95-122-174 bde-div bde-div-95-122\">\n              \n  \n\t\n\n\n\n<h5 class=\"bde-heading-95-123-174 bde-heading bde-heading-95-123\">\nTournament rules\n<\/h5><div class=\"bde-text-95-124-174 bde-text bde-text-95-124\">\n9 listopadu, 2024\n<\/div><div class=\"bde-text-95-125-174 bde-text bde-text-95-125\">\n\n<\/div>\n<\/div>\n<\/div>\n\n<\/a>    <\/article>\n    <article class=\"ee-post\">\n        <a class=\"bde-container-link-95-120-103 bde-container-link bde-container-link-95-120 breakdance-link\" href=\"https:\/\/stretvyvolavacu.200.solutions\/?p=103\" target=\"_self\" data-type=\"url\">\n  \n\t\n\n\n\n<style>.breakdance .bde-div-95-121-103{background-image:url(https:\/\/stretvyvolavacu.200.solutions\/wp-content\/uploads\/2024\/09\/intense-gaming-session-hightech-gamer-setup.png);background-position:center center}<\/style><div class=\"bde-div-95-121-103 bde-div bde-div-95-121\">\n  \n\t\n\n\n\n<div class=\"bde-div-95-122-103 bde-div bde-div-95-122\">\n              \n  \n\t\n\n\n\n<h5 class=\"bde-heading-95-123-103 bde-heading bde-heading-95-123\">\nFirst article\n<\/h5><div class=\"bde-text-95-124-103 bde-text bde-text-95-124\">\n4 listopadu, 2024\n<\/div><div class=\"bde-text-95-125-103 bde-text bde-text-95-125\">\n\n<\/div>\n<\/div>\n<\/div>\n\n<\/a>    <\/article>\n    <article class=\"ee-post\">\n        <a class=\"bde-container-link-95-120-98 bde-container-link bde-container-link-95-120 breakdance-link\" href=\"https:\/\/stretvyvolavacu.200.solutions\/?p=98\" target=\"_self\" data-type=\"url\">\n  \n\t\n\n\n\n<style>.breakdance .bde-div-95-121-98{background-image:url(https:\/\/stretvyvolavacu.200.solutions\/wp-content\/uploads\/2024\/09\/gamer-with-his-teammates-playing-video-games-gaming-room.png);background-position:center center}<\/style><div class=\"bde-div-95-121-98 bde-div bde-div-95-121\">\n  \n\t\n\n\n\n<div class=\"bde-div-95-122-98 bde-div bde-div-95-122\">\n              \n  \n\t\n\n\n\n<h5 class=\"bde-heading-95-123-98 bde-heading bde-heading-95-123\">\nSecond article\n<\/h5><div class=\"bde-text-95-124-98 bde-text bde-text-95-124\">\n4 listopadu, 2024\n<\/div><div class=\"bde-text-95-125-98 bde-text bde-text-95-125\">\n\n<\/div>\n<\/div>\n<\/div>\n\n<\/a>    <\/article>\n<\/div>\n\n<\/div><\/div>\n<\/section><section class=\"bde-section-16-487 bde-section\">\n  \n\t\n\n\n\n<div class=\"section-container\"><div class=\"bde-div-16-488 bde-div\">\n  \n\t\n\n\n\n<h3 class=\"bde-heading-16-489 bde-heading\">\nNa\u0161i partne\u0159i\n<\/h3><div class=\"bde-advancedslider-16-490 bde-advancedslider\">\n<div class=\"breakdance-swiper-wrapper\" data-swiper-id=\"490\">\n  <div class=\"swiper\">\n    <div class=\"swiper-wrapper\">\n      <div class=\"bde-advancedslide-16-491 bde-advancedslide swiper-slide\">\n<div class=\"advanced-slider__slide\">\n  <div class=\"bde-div-16-492 bde-div\">\n  \n\t\n\n\n\n<div class=\"bde-div-16-493 bde-div\">\n  \n\t\n\n\n\n<h5 class=\"bde-heading-16-494 bde-heading\">\nHITPOINT\n<\/h5><div class=\"bde-text-16-495 bde-text\">\nTaky si mysl\u00edm \u017ee super!\n<\/div>\n<\/div><div class=\"bde-div-16-496 bde-div\">\n  \n\t\n\n\n\n<div class=\"bde-image-16-497 bde-image\">\n  \n\n\n\n\n\n<figure class=\"breakdance-image breakdance-image--44\">\n\t<div class=\"breakdance-image-container\">\n\t\t<div class=\"breakdance-image-clip\">\n\t\t\t\n\t\t\t\t\n\t\t\t\t\t      \n  \n  \n  \n  \n      \n      <img loading=\"lazy\" decoding=\"async\"\n      class=\"breakdance-image-object\"\n      src=\"https:\/\/www.stretvyvolavacu.cz\/wp-content\/uploads\/2024\/09\/IMG.png\"\n      width=\"45\"\n      height=\"46\"\n      \n      \n                                                                  >\n  \n\n\t\t\t\t\t\n\t\t\t\t\t\t<\/div>\n\t<\/div>\n\n\t<\/figure>\n\n<\/div><div class=\"bde-div-16-498 bde-div\">\n  \n\t\n\n\n\n<h6 class=\"bde-heading-16-499 bde-heading\">\nKrewca\n<\/h6>\n<\/div>\n<\/div>\n<\/div>\n<\/div>\n<\/div><div class=\"bde-advancedslide-16-500 bde-advancedslide swiper-slide\">\n<div class=\"advanced-slider__slide\">\n  <div class=\"bde-div-16-501 bde-div\">\n  \n\t\n\n\n\n<div class=\"bde-div-16-502 bde-div\">\n  \n\t\n\n\n\n<h5 class=\"bde-heading-16-503 bde-heading\">\nSm\u00edchovsk\u00e1 st\u0159edn\u00ed pr\u016fmyslov\u00e1 \u0161kola a gymn\u00e1zium\n<\/h5><div class=\"bde-text-16-504 bde-text\">\nJe to opravdu super!\n<\/div>\n<\/div><div class=\"bde-div-16-505 bde-div\">\n  \n\t\n\n\n\n<div class=\"bde-image-16-506 bde-image\">\n  \n\n\n\n\n\n<figure class=\"breakdance-image breakdance-image--44\">\n\t<div class=\"breakdance-image-container\">\n\t\t<div class=\"breakdance-image-clip\">\n\t\t\t\n\t\t\t\t\n\t\t\t\t\t      \n  \n  \n  \n  \n      \n      <img loading=\"lazy\" decoding=\"async\"\n      class=\"breakdance-image-object\"\n      src=\"https:\/\/www.stretvyvolavacu.cz\/wp-content\/uploads\/2024\/09\/IMG.png\"\n      width=\"45\"\n      height=\"46\"\n      \n      \n                                                                  >\n  \n\n\t\t\t\t\t\n\t\t\t\t\t\t<\/div>\n\t<\/div>\n\n\t<\/figure>\n\n<\/div><div class=\"bde-div-16-507 bde-div\">\n  \n\t\n\n\n\n<h6 class=\"bde-heading-16-508 bde-heading\">\nIng. Radko S\u00e1bl\u00edk\n<\/h6>\n<\/div>\n<\/div>\n<\/div>\n<\/div>\n<\/div><div class=\"bde-advancedslide-16-509 bde-advancedslide swiper-slide\">\n<div class=\"advanced-slider__slide\">\n  <div class=\"bde-div-16-510 bde-div\">\n  \n\t\n\n\n\n<div class=\"bde-div-16-511 bde-div\">\n  \n\t\n\n\n\n<h5 class=\"bde-heading-16-512 bde-heading\">\nCANS\n<\/h5><div class=\"bde-text-16-513 bde-text\">\nJe to opravdu super!\n<\/div>\n<\/div><div class=\"bde-div-16-514 bde-div\">\n  \n\t\n\n\n\n<div class=\"bde-image-16-515 bde-image\">\n  \n\n\n\n\n\n<figure class=\"breakdance-image breakdance-image--44\">\n\t<div class=\"breakdance-image-container\">\n\t\t<div class=\"breakdance-image-clip\">\n\t\t\t\n\t\t\t\t\n\t\t\t\t\t      \n  \n  \n  \n  \n      \n      <img loading=\"lazy\" decoding=\"async\"\n      class=\"breakdance-image-object\"\n      src=\"https:\/\/www.stretvyvolavacu.cz\/wp-content\/uploads\/2024\/09\/IMG.png\"\n      width=\"45\"\n      height=\"46\"\n      \n      \n                                                                  >\n  \n\n\t\t\t\t\t\n\t\t\t\t\t\t<\/div>\n\t<\/div>\n\n\t<\/figure>\n\n<\/div><div class=\"bde-div-16-516 bde-div\">\n  \n\t\n\n\n\n<h6 class=\"bde-heading-16-517 bde-heading\">\nIng. Radko S\u00e1bl\u00edk\n<\/h6>\n<\/div>\n<\/div>\n<\/div>\n<\/div>\n<\/div><div class=\"bde-advancedslide-16-518 bde-advancedslide swiper-slide\">\n<div class=\"advanced-slider__slide\">\n  <div class=\"bde-div-16-519 bde-div\">\n  \n\t\n\n\n\n<div class=\"bde-div-16-520 bde-div\">\n  \n\t\n\n\n\n<h5 class=\"bde-heading-16-521 bde-heading\">\nMVP Chill & Gaming\n<\/h5><div class=\"bde-text-16-522 bde-text\">\nJe to opravdu super!\n<\/div>\n<\/div><div class=\"bde-div-16-523 bde-div\">\n  \n\t\n\n\n\n<div class=\"bde-image-16-524 bde-image\">\n  \n\n\n\n\n\n<figure class=\"breakdance-image breakdance-image--44\">\n\t<div class=\"breakdance-image-container\">\n\t\t<div class=\"breakdance-image-clip\">\n\t\t\t\n\t\t\t\t\n\t\t\t\t\t      \n  \n  \n  \n  \n      \n      <img loading=\"lazy\" decoding=\"async\"\n      class=\"breakdance-image-object\"\n      src=\"https:\/\/www.stretvyvolavacu.cz\/wp-content\/uploads\/2024\/09\/IMG.png\"\n      width=\"45\"\n      height=\"46\"\n      \n      \n                                                                  >\n  \n\n\t\t\t\t\t\n\t\t\t\t\t\t<\/div>\n\t<\/div>\n\n\t<\/figure>\n\n<\/div><div class=\"bde-div-16-525 bde-div\">\n  \n\t\n\n\n\n<h6 class=\"bde-heading-16-526 bde-heading\">\nIng. Radko S\u00e1bl\u00edk\n<\/h6>\n<\/div>\n<\/div>\n<\/div>\n<\/div>\n<\/div>\n    <\/div>\n  <\/div>\n\n      \n    \n<\/div>\n\n<\/div>\n<\/div><\/div>\n<\/section><section class=\"bde-section-16-527 bde-section\">\n  \n\t\n\n\n\n<div class=\"section-container\"><div class=\"bde-gallery-16-528 bde-gallery\">\n\n\n  \n\n\n\n\n\n\n\n\n\n\n<div class=\"ee-gallery ee-gallery--default ee-gallery--grid ee-gallery--single ee-gallery--lightbox ee-gallery-- ee-gallery--caption- ee-gallery--caption-none ee-gallery--ratio\">\n                  \n      <a class=\"ee-gallery-item ee-gallery-item--image ee-gallery-item--single\" href=\"https:\/\/www.stretvyvolavacu.cz\/wp-content\/uploads\/2024\/11\/Stret_vyvolavacu-4-scaled.jpg\"  data-sub-html=\"\" data-category=\"1\"                  data-lg-size=\"2560-1707\"\n\n      >\n        <figure class=\"ee-gallery-item-figure\">\n                                    \n  \n  \n  \n  \n      \n      <img loading=\"lazy\" decoding=\"async\"\n      class=\"breakdance-image-object\"\n      src=\"https:\/\/www.stretvyvolavacu.cz\/wp-content\/uploads\/2024\/11\/Stret_vyvolavacu-4-1024x683.jpg\"\n      width=\"1024\"\n      height=\"683\"\n      \n      \n                                    srcset=\"https:\/\/www.stretvyvolavacu.cz\/wp-content\/uploads\/2024\/11\/Stret_vyvolavacu-4-scaled.jpg 2560w, https:\/\/www.stretvyvolavacu.cz\/wp-content\/uploads\/2024\/11\/Stret_vyvolavacu-4-300x200.jpg 300w, https:\/\/www.stretvyvolavacu.cz\/wp-content\/uploads\/2024\/11\/Stret_vyvolavacu-4-1024x683.jpg 1024w, https:\/\/www.stretvyvolavacu.cz\/wp-content\/uploads\/2024\/11\/Stret_vyvolavacu-4-768x512.jpg 768w, https:\/\/www.stretvyvolavacu.cz\/wp-content\/uploads\/2024\/11\/Stret_vyvolavacu-4-1536x1024.jpg 1536w, https:\/\/www.stretvyvolavacu.cz\/wp-content\/uploads\/2024\/11\/Stret_vyvolavacu-4-2048x1365.jpg 2048w\"\n                                                                      >\n  \n  \n          \n                  <\/figure>\n      <\/a>\n\n                \n      <a class=\"ee-gallery-item ee-gallery-item--image ee-gallery-item--single\" href=\"https:\/\/www.stretvyvolavacu.cz\/wp-content\/uploads\/2024\/11\/Stret_vyvolavacu-24-scaled.jpg\"  data-sub-html=\"\" data-category=\"1\"                  data-lg-size=\"2560-1707\"\n\n      >\n        <figure class=\"ee-gallery-item-figure\">\n                                    \n  \n  \n  \n  \n      \n      <img loading=\"lazy\" decoding=\"async\"\n      class=\"breakdance-image-object\"\n      src=\"https:\/\/www.stretvyvolavacu.cz\/wp-content\/uploads\/2024\/11\/Stret_vyvolavacu-24-1024x683.jpg\"\n      width=\"1024\"\n      height=\"683\"\n      \n      \n                                    srcset=\"https:\/\/www.stretvyvolavacu.cz\/wp-content\/uploads\/2024\/11\/Stret_vyvolavacu-24-scaled.jpg 2560w, https:\/\/www.stretvyvolavacu.cz\/wp-content\/uploads\/2024\/11\/Stret_vyvolavacu-24-300x200.jpg 300w, https:\/\/www.stretvyvolavacu.cz\/wp-content\/uploads\/2024\/11\/Stret_vyvolavacu-24-1024x683.jpg 1024w, https:\/\/www.stretvyvolavacu.cz\/wp-content\/uploads\/2024\/11\/Stret_vyvolavacu-24-768x512.jpg 768w, https:\/\/www.stretvyvolavacu.cz\/wp-content\/uploads\/2024\/11\/Stret_vyvolavacu-24-1536x1024.jpg 1536w, https:\/\/www.stretvyvolavacu.cz\/wp-content\/uploads\/2024\/11\/Stret_vyvolavacu-24-2048x1365.jpg 2048w\"\n                                                                      >\n  \n  \n          \n                  <\/figure>\n      <\/a>\n\n                \n      <a class=\"ee-gallery-item ee-gallery-item--image ee-gallery-item--single\" href=\"https:\/\/www.stretvyvolavacu.cz\/wp-content\/uploads\/2024\/11\/Stret_vyvolavacu-14-scaled.jpg\"  data-sub-html=\"\" data-category=\"1\"                  data-lg-size=\"2560-1707\"\n\n      >\n        <figure class=\"ee-gallery-item-figure\">\n                                    \n  \n  \n  \n  \n      \n      <img loading=\"lazy\" decoding=\"async\"\n      class=\"breakdance-image-object\"\n      src=\"https:\/\/www.stretvyvolavacu.cz\/wp-content\/uploads\/2024\/11\/Stret_vyvolavacu-14-1024x683.jpg\"\n      width=\"1024\"\n      height=\"683\"\n      \n      \n                                    srcset=\"https:\/\/www.stretvyvolavacu.cz\/wp-content\/uploads\/2024\/11\/Stret_vyvolavacu-14-scaled.jpg 2560w, https:\/\/www.stretvyvolavacu.cz\/wp-content\/uploads\/2024\/11\/Stret_vyvolavacu-14-300x200.jpg 300w, https:\/\/www.stretvyvolavacu.cz\/wp-content\/uploads\/2024\/11\/Stret_vyvolavacu-14-1024x683.jpg 1024w, https:\/\/www.stretvyvolavacu.cz\/wp-content\/uploads\/2024\/11\/Stret_vyvolavacu-14-768x512.jpg 768w, https:\/\/www.stretvyvolavacu.cz\/wp-content\/uploads\/2024\/11\/Stret_vyvolavacu-14-1536x1024.jpg 1536w, https:\/\/www.stretvyvolavacu.cz\/wp-content\/uploads\/2024\/11\/Stret_vyvolavacu-14-2048x1365.jpg 2048w\"\n                                                                      >\n  \n  \n          \n                  <\/figure>\n      <\/a>\n\n        \n  <\/div>\n\n\n\n<\/div><\/div>\n<\/section><section class=\"bde-section-16-529 bde-section\">\n              \n  \n\t\n\n  <div class=\"section-background-overlay\"><\/div>\n\n\n<div class=\"section-container\"><div class=\"bde-div-16-530 bde-div\">\n  \n\t\n\n\n\n<div class=\"bde-div-16-531 bde-div\">\n  \n\t\n\n\n\n<div class=\"bde-div-16-532 bde-div\">\n              \n  \n\t\n\n\n\n<div class=\"bde-text-16-533 bde-text\">\nRo\u010dn\u00edk - 2024\n<\/div>\n<\/div><h3 class=\"bde-heading-16-534 bde-heading\">\nUka\u017e co v tob\u011b je!\n<\/h3><h3 class=\"bde-heading-16-535 bde-heading\">\nP\u0159ipoj se k n\u00e1m!\n<\/h3>\n<\/div><div class=\"bde-button-16-536 bde-button\">\n    \n                                    \n    \n    \n    \n    \n            \n                    \n            \n            \n\n    \n    \n    \n    \n    <a class=\"breakdance-link button-atom button-atom--custom bde-button__button\" href=\"https:\/\/www.challengermode.com\/s\/stretvyvolavacu\" target=\"_self\" data-type=\"url\"  >\n\n    \n        <span class=\"button-atom__text\">Registrovat se<\/span>\n\n        \n        \n                <\/a>\n\n    \n\n\n<\/div>\n<\/div><div class=\"bde-image-16-537 bde-image\">\n  \n\n\n\n\n\n<figure class=\"breakdance-image breakdance-image--40\">\n\t<div class=\"breakdance-image-container\">\n\t\t<div class=\"breakdance-image-clip\">\n\t\t\t\n\t\t\t\t\n\t\t\t\t\t      \n  \n  \n  \n  \n      \n      <img loading=\"lazy\" decoding=\"async\"\n      class=\"breakdance-image-object\"\n      src=\"http:\/\/www.stretvyvolavacu.cz\/wp-content\/uploads\/2024\/09\/marek_kejda_91256_league_of_legends_character_miss_fortune_shoo_1f01a745-5321-4af3-8d01-ff573ee26914-1.png\"\n      width=\"435\"\n      height=\"435\"\n      \n      \n                                    srcset=\"http:\/\/www.stretvyvolavacu.cz\/wp-content\/uploads\/2024\/09\/marek_kejda_91256_league_of_legends_character_miss_fortune_shoo_1f01a745-5321-4af3-8d01-ff573ee26914-1.png 435w, http:\/\/www.stretvyvolavacu.cz\/wp-content\/uploads\/2024\/09\/marek_kejda_91256_league_of_legends_character_miss_fortune_shoo_1f01a745-5321-4af3-8d01-ff573ee26914-1-300x300.png 300w, http:\/\/www.stretvyvolavacu.cz\/wp-content\/uploads\/2024\/09\/marek_kejda_91256_league_of_legends_character_miss_fortune_shoo_1f01a745-5321-4af3-8d01-ff573ee26914-1-150x150.png 150w\"\n                                                                      >\n  \n\n\t\t\t\t\t\n\t\t\t\t\t\t<\/div>\n\t<\/div>\n\n\t<\/figure>\n\n<\/div><\/div>\n<\/section><section id=\"ke-stazeni\" class=\"bde-section-16-538 bde-section\">\n  \n\t\n\n\n\n<div class=\"section-container\"><h3 class=\"bde-heading-16-539 bde-heading\">\nKe sta\u017een\u00ed\n<\/h3><div class=\"bde-grid-16-540 bde-grid\">\n  \n\t\n\n\n\n<div class=\"bde-div-16-541 bde-div\">\n  \n\t\n\n\n\n<div class=\"bde-div-16-542 bde-div\">\n  \n\t\n\n\n\n<h4 class=\"bde-heading-16-543 bde-heading\">\nPotvrzen\u00ed z\u00e1konn\u00e9ho z\u00e1stupce\n<\/h4><div class=\"bde-text-16-544 bde-text\">\nV p\u0159\u00edpad\u011b, \u017ee jsi je\u0161t\u011b nedovr\u0161il 18 let, je pot\u0159eba, aby ti tv\u016fj rodi\u010d, \u010di jin\u00fd z\u00e1konn\u00fd z\u00e1stupce podepsal potvrzen\u00ed z\u00e1konn\u00e9ho z\u00e1stupce.\n<\/div>\n<\/div><div class=\"bde-button-16-545 bde-button\">\n    \n                                    \n    \n    \n    \n                            \n            \n                    \n            \n            \n\n    \n    \n    \n                            \n    <a class=\"breakdance-link button-atom button-atom--custom bde-button__button\" href=\"wp-content\/uploads\/2024\/11\/potvrzeni-zakonneho-zastupce-stret-vyvolavacu.pdf\" target=\"_self\" data-type=\"url\"  download=\"potvrzeni-zakonneho-zastupce-stret-vyvolavacu\" >\n\n    \n        <span class=\"button-atom__text\">St\u00e1hnout<\/span>\n\n                            \n        \n                <\/a>\n\n    \n\n\n<\/div>\n<\/div><div class=\"bde-div-16-546 bde-div\">\n  \n\t\n\n\n\n<div class=\"bde-div-16-547 bde-div\">\n  \n\t\n\n\n\n<h4 class=\"bde-heading-16-548 bde-heading\">\nPravidla turnaje\n<\/h4><div class=\"bde-text-16-549 bde-text\">\nZde najdete kompletn\u00ed pravidla turnaje.\n<\/div>\n<\/div><div class=\"bde-button-16-550 bde-button\">\n    \n                                    \n    \n    \n    \n    \n            \n                    \n            \n            \n\n    \n    \n    \n    \n    <a class=\"breakdance-link button-atom button-atom--custom bde-button__button\" href=\"\/2024\/10\/25\/tournament-rules\/\" target=\"_self\" data-type=\"url\"  >\n\n    \n        <span class=\"button-atom__text\">Cel\u00e1 pravidla<\/span>\n\n        \n        \n                <\/a>\n\n    \n\n\n<\/div>\n<\/div>\n<\/div><\/div>\n<\/section>","protected":false},"excerpt":{"rendered":"<p>St\u0159et vyvol\u00e1va\u010d\u016f 2 St\u0159etn\u011bte se s na\u0161imivyvol\u00e1va\u010di! St\u0159et vyvol\u00e1va\u010d\u016f se vrac\u00ed! Tak na co je\u0161t\u011b \u010dek\u00e1\u0161? Se\u017ee\u0148 si t\u00fdm a zaregistruj se! Registrovat se Sledovat stream Za\u010d\u00edn\u00e1me ji\u017e 22.11.2024 P\u0159ipojte se k n\u00e1m na t\u00e9to \u00fa\u017easn\u00e9 pouti po vyvol\u00e1va\u010dov\u011b \u017elebu! V\u0161echny dostupn\u00e9 informace m\u016f\u017ee\u0161 naj\u00edt na na\u0161em Discordu! Discord Ceny O co v\u0161e hrajeme? O\u00a015 [&hellip;]<\/p>\n","protected":false},"author":1,"featured_media":0,"parent":0,"menu_order":0,"comment_status":"closed","ping_status":"closed","template":"","meta":{"_acf_changed":false,"inline_featured_image":false,"_breakdance_hide_in_design_set":false,"_breakdance_tags":"","footnotes":""},"class_list":["post-16","page","type-page","status-publish","hentry"],"acf":[],"_links":{"self":[{"href":"https:\/\/stretvyvolavacu.200.solutions\/index.php?rest_route=\/wp\/v2\/pages\/16","targetHints":{"allow":["GET"]}}],"collection":[{"href":"https:\/\/stretvyvolavacu.200.solutions\/index.php?rest_route=\/wp\/v2\/pages"}],"about":[{"href":"https:\/\/stretvyvolavacu.200.solutions\/index.php?rest_route=\/wp\/v2\/types\/page"}],"author":[{"embeddable":true,"href":"https:\/\/stretvyvolavacu.200.solutions\/index.php?rest_route=\/wp\/v2\/users\/1"}],"replies":[{"embeddable":true,"href":"https:\/\/stretvyvolavacu.200.solutions\/index.php?rest_route=%2Fwp%2Fv2%2Fcomments&post=16"}],"version-history":[{"count":114,"href":"https:\/\/stretvyvolavacu.200.solutions\/index.php?rest_route=\/wp\/v2\/pages\/16\/revisions"}],"predecessor-version":[{"id":960,"href":"https:\/\/stretvyvolavacu.200.solutions\/index.php?rest_route=\/wp\/v2\/pages\/16\/revisions\/960"}],"wp:attachment":[{"href":"https:\/\/stretvyvolavacu.200.solutions\/index.php?rest_route=%2Fwp%2Fv2%2Fmedia&parent=16"}],"curies":[{"name":"wp","href":"https:\/\/api.w.org\/{rel}","templated":true}]}}